{"id":2,"date":"2020-04-23T10:06:16","date_gmt":"2020-04-23T08:06:16","guid":{"rendered":"https:\/\/cousinie.com\/?page_id=2"},"modified":"2023-01-06T09:41:11","modified_gmt":"2023-01-06T08:41:11","slug":"methode-cousinie-3","status":"publish","type":"page","link":"https:\/\/cousinie.com\/es\/","title":{"rendered":"Presentacion"},"content":{"rendered":"<div id=\"block-cousinie-page-title\" class=\"block-cousinie-page-title block block-core block-page-title-block\">\n<h1 class=\"page-title\"><span class=\"field field--name-title field--type-string field--label-hidden\">PRESENTACI\u00d3N<\/span><\/h1>\n<\/div>\n<div id=\"block-cousinie-content\" class=\"block-cousinie-content block block-system block-system-main-block\">\n<article class=\"node node--type-page node--promoted node--view-mode-full\" role=\"article\" data-history-node-id=\"1\">\n<div class=\"node__content\">\n<div class=\"clearfix text-formatted field field--name-body field--type-text-with-summary field--label-hidden field__item\">\n<p class=\"text-align-center\">Desde 1972, le ofrecemos la posibilidad de expresar las particularidades propias de su tierra, de sus vi\u00f1as y de su vino mediante nuestro m\u00e9todo llamado M\u00e9thode Cousini\u00e9\u00a9.<\/p>\n<p class=\"text-align-center\">Nuestros an\u00e1lisis de suelo, de hojas, de uvas y de madera nos permiten una comprensi\u00f3n excepcional de los terroirs.<\/p>\n<p class=\"text-align-center\">Las gamas de productos naturales que hemos creado son \u00fanicas en el mundo vit\u00edcola y ofrecen una verdadera alternativa a los m\u00e9todos convencionales.<\/p>\n<p class=\"text-align-center\">El M\u00e9todo Cousini\u00e9 propone soluciones exclusivas a cada parcela y le acompa\u00f1a en su proyecto de mejorar la calidad de sus vi\u00f1edos hacia lo mejor.<\/p>\n<\/div>\n<\/div>\n<\/article>\n<\/div>\n","protected":false},"excerpt":{"rendered":"<p>PRESENTACI\u00d3N Desde 1972, le ofrecemos la posibilidad de expresar las particularidades propias de su tierra, de sus vi\u00f1as y de su vino mediante nuestro m\u00e9todo llamado M\u00e9thode Cousini\u00e9\u00a9. Nuestros an\u00e1lisis de suelo, de hojas, de uvas y de madera nos permiten una comprensi\u00f3n excepcional de los terroirs. Las gamas de productos naturales que hemos creado [&hellip;]<\/p>\n","protected":false},"author":1,"featured_media":0,"parent":0,"menu_order":0,"comment_status":"closed","ping_status":"closed","template":"","meta":{"_et_pb_use_builder":"","_et_pb_old_content":"","_et_gb_content_width":"","footnotes":""},"class_list":["post-2","page","type-page","status-publish","hentry"],"_links":{"self":[{"href":"https:\/\/cousinie.com\/es\/wp-json\/wp\/v2\/pages\/2","targetHints":{"allow":["GET"]}}],"collection":[{"href":"https:\/\/cousinie.com\/es\/wp-json\/wp\/v2\/pages"}],"about":[{"href":"https:\/\/cousinie.com\/es\/wp-json\/wp\/v2\/types\/page"}],"author":[{"embeddable":true,"href":"https:\/\/cousinie.com\/es\/wp-json\/wp\/v2\/users\/1"}],"replies":[{"embeddable":true,"href":"https:\/\/cousinie.com\/es\/wp-json\/wp\/v2\/comments?post=2"}],"version-history":[{"count":6,"href":"https:\/\/cousinie.com\/es\/wp-json\/wp\/v2\/pages\/2\/revisions"}],"predecessor-version":[{"id":703,"href":"https:\/\/cousinie.com\/es\/wp-json\/wp\/v2\/pages\/2\/revisions\/703"}],"wp:attachment":[{"href":"https:\/\/cousinie.com\/es\/wp-json\/wp\/v2\/media?parent=2"}],"curies":[{"name":"wp","href":"https:\/\/api.w.org\/{rel}","templated":true}]}}