{"id":257,"date":"2022-12-29T15:38:22","date_gmt":"2022-12-29T14:38:22","guid":{"rendered":"https:\/\/cousinie.com\/?page_id=257"},"modified":"2023-06-26T11:49:37","modified_gmt":"2023-06-26T09:49:37","slug":"contact","status":"publish","type":"page","link":"https:\/\/cousinie.com\/es\/contacto\/","title":{"rendered":"Contacto"},"content":{"rendered":"<p>[et_pb_section fb_built=\u00bb1&#8243; admin_label=\u00bbsection\u00bb _builder_version=\u00bb4.19.4&#8243; background_color=\u00bbRGBA(255,255,255,0)\u00bb global_colors_info=\u00bb{}\u00bb][et_pb_row column_structure=\u00bb2_3,1_3&#8243; admin_label=\u00bbrow\u00bb _builder_version=\u00bb4.19.4&#8243; background_color=\u00bbRGBA(255,255,255,0)\u00bb background_size=\u00bbinitial\u00bb background_position=\u00bbtop_left\u00bb background_repeat=\u00bbrepeat\u00bb global_colors_info=\u00bb{}\u00bb][et_pb_column type=\u00bb2_3&#8243; _builder_version=\u00bb4.16&#8243; custom_padding=\u00bb|||\u00bb global_colors_info=\u00bb{}\u00bb custom_padding__hover=\u00bb|||\u00bb][et_pb_text _builder_version=\u00bb4.19.4&#8243; _module_preset=\u00bbdefault\u00bb content_en_us=\u00bb<\/p>\n<h1>Contact us<\/h1>\n<p>%91forminator_form id=%22506%22%93<\/p>\n<p>\u00bb content_es_es=\u00bb<\/p>\n<h1>Contacto<\/h1>\n<p>%91forminator_form id=%22508%22%93<\/p>\n<p>\u00bb global_colors_info=\u00bb{}\u00bb]<\/p>\n<h1>Contact<\/h1>\n<p><div class=\"forminator-ui forminator-custom-form forminator-custom-form-256 forminator-design--default  forminator_ajax\" data-forminator-render=\"0\" data-form=\"forminator-module-256\" data-uid=\"6a008ec8b89e3\"><\/div>\n<form\n\t\t\t\tid=\"forminator-module-256\"\n\t\t\t\tclass=\"forminator-ui forminator-custom-form forminator-custom-form-256 forminator-design--default  forminator_ajax\"\n\t\t\t\tmethod=\"post\"\n\t\t\t\tdata-forminator-render=\"0\"\n\t\t\t\tdata-form-id=\"256\"\n\t\t\t\t data-color-option=\"default\" data-design=\"default\" data-grid=\"open\" style=\"display: none;\"\n\t\t\t\tdata-uid=\"6a008ec8b89e3\"\n\t\t\t><\/p>\n<div role=\"alert\" aria-live=\"polite\" class=\"forminator-response-message forminator-error\" aria-hidden=\"true\"><\/div>\n<div class=\"forminator-row\">\n<div id=\"name-1\" class=\"forminator-field-name forminator-col forminator-col-12 \">\n<div class=\"forminator-field\"><label for=\"forminator-field-name-1_6a008ec8b89e3\" id=\"forminator-field-name-1_6a008ec8b89e3-label\" class=\"forminator-label\">Nom <span class=\"forminator-required\">*<\/span><\/label><input type=\"text\" name=\"name-1\" value=\"\" placeholder=\"\" id=\"forminator-field-name-1_6a008ec8b89e3\" class=\"forminator-input forminator-name--field\" aria-required=\"true\" autocomplete=\"name\" \/><\/div>\n<\/div>\n<\/div>\n<div class=\"forminator-row\">\n<div id=\"email-1\" class=\"forminator-field-email forminator-col forminator-col-12 \">\n<div class=\"forminator-field\"><label for=\"forminator-field-email-1_6a008ec8b89e3\" id=\"forminator-field-email-1_6a008ec8b89e3-label\" class=\"forminator-label\">Adresse de messagerie <span class=\"forminator-required\">*<\/span><\/label><input type=\"email\" name=\"email-1\" value=\"\" placeholder=\"\" id=\"forminator-field-email-1_6a008ec8b89e3\" class=\"forminator-input forminator-email--field\" data-required=\"true\" aria-required=\"true\" autocomplete=\"email\" \/><\/div>\n<\/div>\n<\/div>\n<div class=\"forminator-row\">\n<div id=\"phone-1\" class=\"forminator-field-phone forminator-col forminator-col-12 \">\n<div class=\"forminator-field\"><label for=\"forminator-field-phone-1_6a008ec8b89e3\" id=\"forminator-field-phone-1_6a008ec8b89e3-label\" class=\"forminator-label\">Num\u00e9ro de t\u00e9l\u00e9phone<\/label><input type=\"text\" name=\"phone-1\" value=\"\" placeholder=\"\" id=\"forminator-field-phone-1_6a008ec8b89e3\" class=\"forminator-input forminator-field--phone\" data-required=\"\" aria-required=\"false\" autocomplete=\"off\" \/><\/div>\n<\/div>\n<\/div>\n<div class=\"forminator-row\">\n<div id=\"text-1\" class=\"forminator-field-text forminator-col forminator-col-12 \">\n<div class=\"forminator-field\"><label for=\"forminator-field-text-1_6a008ec8b89e3\" id=\"forminator-field-text-1_6a008ec8b89e3-label\" class=\"forminator-label\">Objet de la demande<\/label><input type=\"text\" name=\"text-1\" value=\"\" placeholder=\"\" id=\"forminator-field-text-1_6a008ec8b89e3\" class=\"forminator-input forminator-name--field\" data-required=\"\" \/><\/div>\n<\/div>\n<\/div>\n<div class=\"forminator-row\">\n<div id=\"textarea-1\" class=\"forminator-field-textarea forminator-col forminator-col-12 \">\n<div class=\"forminator-field\"><label for=\"forminator-field-textarea-1_6a008ec8b89e3\" id=\"forminator-field-textarea-1_6a008ec8b89e3-label\" class=\"forminator-label\">Message<\/label><textarea name=\"textarea-1\" placeholder=\"Saisissez votre message\u2026\" id=\"forminator-field-textarea-1_6a008ec8b89e3\" class=\"forminator-textarea\" rows=\"6\" style=\"--forminator-textarea-min-height:140px;\" maxlength=\"360\" ><\/textarea><span id=\"forminator-field-textarea-1_6a008ec8b89e3-description\" class=\"forminator-description\"><span data-limit=\"360\" data-type=\"characters\" data-editor=\"\">0 \/ 360<\/span><\/span><\/div>\n<\/div>\n<\/div>\n<div class=\"forminator-row\" style=\"margin: 0;\">\n<div id=\"captcha-1\" class=\"forminator-field-captcha  forminator-col-12 \">\n<div class=\"forminator-captcha-left forminator-g-recaptcha recaptcha-invisible\" data-theme=\"light\" data-badge=\"bottomright\" data-sitekey=\"6Ld6OsIoAAAAAPGqb4l92Hd8_Ln40Y9xHSnWjJ12\" data-size=\"invisible\"><\/div>\n<\/p><\/div>\n<\/div>\n<p><input type=\"hidden\" name=\"referer_url\" value=\"\" \/><\/p>\n<div class=\"forminator-row forminator-row-last\">\n<div class=\"forminator-col\">\n<div class=\"forminator-field\"><button class=\"forminator-button forminator-button-submit\">Envoyer le message<\/button><\/div>\n<\/div>\n<\/div>\n<p><input type=\"hidden\" id=\"forminator_nonce\" name=\"forminator_nonce\" value=\"c19ab731e5\" \/><input type=\"hidden\" name=\"_wp_http_referer\" value=\"\/es\/wp-json\/wp\/v2\/pages\/257\" \/><input type=\"hidden\" name=\"form_id\" value=\"256\"><input type=\"hidden\" name=\"page_id\" value=\"257\"><input type=\"hidden\" name=\"form_type\" value=\"default\"><input type=\"hidden\" name=\"current_url\" value=\"https:\/\/cousinie.com\/es\/contacto\/\"><input type=\"hidden\" name=\"render_id\" value=\"0\"><input type=\"hidden\" name=\"action\" value=\"forminator_submit_form_custom-forms\"><\/form>\n<\/p>\n<p>[\/et_pb_text][\/et_pb_column][et_pb_column type=\u00bb1_3&#8243; _builder_version=\u00bb4.16&#8243; custom_padding=\u00bb|||\u00bb global_colors_info=\u00bb{}\u00bb custom_padding__hover=\u00bb|||\u00bb][et_pb_text module_class=\u00bbCol-Droite\u00bb _builder_version=\u00bb4.21.0&#8243; _module_preset=\u00bbdefault\u00bb hover_enabled=\u00bb0&#8243; content_en_us=\u00bb<\/p>\n<p style=%22text-align: center;%22><strong>M\u00c9THODE COUSINI\u00c9<\/strong><\/p>\n<p style=%22text-align: center;%22>28, avenue Gustave Eiffel<br \/>Parc d&#8217;activit\u00e9s de la Coupe<br \/>11100 Narbonne &#8211; FRANCE<\/p>\n<p style=%22text-align: center;%22>T\u00e9l. : +33(0)4 68 41 66 59<\/p>\n<p style=%22text-align: center;%22>E-mail : contact@cousinie.com<\/p>\n<p>\u00bb content_es_es=\u00bb<\/p>\n<p style=%22text-align: center;%22><strong>M\u00c9THODE COUSINI\u00c9<\/strong><\/p>\n<p style=%22text-align: center;%22>28, avenue Gustave Eiffel<br \/>Parc d&#8217;activit\u00e9s de la Coupe<br \/>11100 Narbonne &#8211; FRANCE<\/p>\n<p style=%22text-align: center;%22>T\u00e9l. : +33(0)4 68 41 66 59<\/p>\n<p style=%22text-align: center;%22>E-mail : contact@cousinie.com<\/p>\n<p>\u00bb global_colors_info=\u00bb{}\u00bb sticky_enabled=\u00bb0&#8243;]<\/p>\n<h2 style=\"text-align: center;\"><strong>M\u00c9THODE COUSINI\u00c9<\/strong><\/h2>\n<p style=\"text-align: center;\">28, avenue Gustave Eiffel<br \/>Parc d&#8217;activit\u00e9s de la Coupe<br \/>11100 Narbonne &#8211; FRANCE<\/p>\n<p style=\"text-align: center;\">T\u00e9l. : +33(0)4 68 41 66 59<\/p>\n<p style=\"text-align: center;\">E-mail : contact@ cousinie.com<\/p>\n<p>[\/et_pb_text][\/et_pb_column][\/et_pb_row][\/et_pb_section]<\/p>\n","protected":false},"excerpt":{"rendered":"<p>Contact <div class=\"forminator-ui forminator-custom-form forminator-custom-form-256 forminator-design--default  forminator_ajax\" data-forminator-render=\"1\" data-form=\"forminator-module-256\" data-uid=\"6a008ec8d8376\"><br\/><\/div><form\n\t\t\t\tid=\"forminator-module-256\"\n\t\t\t\tclass=\"forminator-ui forminator-custom-form forminator-custom-form-256 forminator-design--default  forminator_ajax\"\n\t\t\t\tmethod=\"post\"\n\t\t\t\tdata-forminator-render=\"1\"\n\t\t\t\tdata-form-id=\"256\"\n\t\t\t\t data-color-option=\"default\" data-design=\"default\" data-grid=\"open\" style=\"display: none;\"\n\t\t\t\tdata-uid=\"6a008ec8d8376\"\n\t\t\t><div role=\"alert\" aria-live=\"polite\" class=\"forminator-response-message forminator-error\" aria-hidden=\"true\"><\/div><div class=\"forminator-row\"><div id=\"name-1\" class=\"forminator-field-name forminator-col forminator-col-12 \"><div class=\"forminator-field\"><label for=\"forminator-field-name-1_6a008ec8d8376\" id=\"forminator-field-name-1_6a008ec8d8376-label\" class=\"forminator-label\">Nom <span class=\"forminator-required\">*<\/span><\/label><input type=\"text\" name=\"name-1\" value=\"\" placeholder=\"\" id=\"forminator-field-name-1_6a008ec8d8376\" class=\"forminator-input forminator-name--field\" aria-required=\"true\" autocomplete=\"name\" \/><\/div><\/div><\/div><div class=\"forminator-row\"><div id=\"email-1\" class=\"forminator-field-email forminator-col forminator-col-12 \"><div class=\"forminator-field\"><label for=\"forminator-field-email-1_6a008ec8d8376\" id=\"forminator-field-email-1_6a008ec8d8376-label\" class=\"forminator-label\">Adresse de messagerie <span class=\"forminator-required\">*<\/span><\/label><input type=\"email\" name=\"email-1\" value=\"\" placeholder=\"\" id=\"forminator-field-email-1_6a008ec8d8376\" class=\"forminator-input forminator-email--field\" data-required=\"true\" aria-required=\"true\" autocomplete=\"email\" \/><\/div><\/div><\/div><div class=\"forminator-row\"><div id=\"phone-1\" class=\"forminator-field-phone forminator-col forminator-col-12 \"><div class=\"forminator-field\"><label for=\"forminator-field-phone-1_6a008ec8d8376\" id=\"forminator-field-phone-1_6a008ec8d8376-label\" class=\"forminator-label\">Num\u00e9ro de t\u00e9l\u00e9phone<\/label><input type=\"text\" name=\"phone-1\" value=\"\" placeholder=\"\" id=\"forminator-field-phone-1_6a008ec8d8376\" class=\"forminator-input forminator-field--phone\" data-required=\"\" aria-required=\"false\" autocomplete=\"off\" \/><\/div><\/div><\/div><div class=\"forminator-row\"><div id=\"text-1\" class=\"forminator-field-text forminator-col forminator-col-12 \"><div class=\"forminator-field\"><label for=\"forminator-field-text-1_6a008ec8d8376\" id=\"forminator-field-text-1_6a008ec8d8376-label\" class=\"forminator-label\">Objet de la demande<\/label><input type=\"text\" name=\"text-1\" value=\"\" placeholder=\"\" id=\"forminator-field-text-1_6a008ec8d8376\" class=\"forminator-input forminator-name--field\" data-required=\"\" \/><\/div><\/div><\/div><div class=\"forminator-row\"><div id=\"textarea-1\" class=\"forminator-field-textarea forminator-col forminator-col-12 \"><div class=\"forminator-field\"><label for=\"forminator-field-textarea-1_6a008ec8d8376\" id=\"forminator-field-textarea-1_6a008ec8d8376-label\" class=\"forminator-label\">Message<\/label><textarea name=\"textarea-1\" placeholder=\"Saisissez votre message\u2026\" id=\"forminator-field-textarea-1_6a008ec8d8376\" class=\"forminator-textarea\" rows=\"6\" style=\"--forminator-textarea-min-height:140px;\" maxlength=\"360\" ><\/textarea><span id=\"forminator-field-textarea-1_6a008ec8d8376-description\" class=\"forminator-description\"><span data-limit=\"360\" data-type=\"characters\" data-editor=\"\">0 \/ 360<\/span><\/span><\/div><\/div><\/div><div class=\"forminator-row\" style=\"margin: 0;\"><div id=\"captcha-1\" class=\"forminator-field-captcha  forminator-col-12 \"><div class=\"forminator-captcha-left forminator-g-recaptcha recaptcha-invisible\" data-theme=\"light\" data-badge=\"bottomright\" data-sitekey=\"6Ld6OsIoAAAAAPGqb4l92Hd8_Ln40Y9xHSnWjJ12\" data-size=\"invisible\"><\/div> <\/div><\/div><input type=\"hidden\" name=\"referer_url\" value=\"\" \/><div class=\"forminator-row forminator-row-last\"><div class=\"forminator-col\"><div class=\"forminator-field\"><button class=\"forminator-button forminator-button-submit\">Envoyer le message<\/button><\/div><\/div><\/div><input type=\"hidden\" id=\"forminator_nonce\" name=\"forminator_nonce\" value=\"c19ab731e5\" \/><input type=\"hidden\" name=\"_wp_http_referer\" value=\"\/es\/wp-json\/wp\/v2\/pages\/257\" \/><input type=\"hidden\" name=\"form_id\" value=\"256\"><input type=\"hidden\" name=\"page_id\" value=\"257\"><input type=\"hidden\" name=\"form_type\" value=\"default\"><input type=\"hidden\" name=\"current_url\" value=\"https:\/\/cousinie.com\/es\/contacto\/\"><input type=\"hidden\" name=\"render_id\" value=\"1\"><input type=\"hidden\" name=\"action\" value=\"forminator_submit_form_custom-forms\"><\/form>M\u00c9THODE COUSINI\u00c9 28, avenue Gustave EiffelParc d&#8217;activit\u00e9s de la Coupe11100 Narbonne &#8211; FRANCE T\u00e9l. : +33(0)4 68 41 66 59 E-mail : contact@ cousinie.com<\/p>\n","protected":false},"author":1,"featured_media":0,"parent":0,"menu_order":0,"comment_status":"closed","ping_status":"closed","template":"","meta":{"_et_pb_use_builder":"on","_et_pb_old_content":"","_et_gb_content_width":"","footnotes":""},"class_list":["post-257","page","type-page","status-publish","hentry"],"_links":{"self":[{"href":"https:\/\/cousinie.com\/es\/wp-json\/wp\/v2\/pages\/257","targetHints":{"allow":["GET"]}}],"collection":[{"href":"https:\/\/cousinie.com\/es\/wp-json\/wp\/v2\/pages"}],"about":[{"href":"https:\/\/cousinie.com\/es\/wp-json\/wp\/v2\/types\/page"}],"author":[{"embeddable":true,"href":"https:\/\/cousinie.com\/es\/wp-json\/wp\/v2\/users\/1"}],"replies":[{"embeddable":true,"href":"https:\/\/cousinie.com\/es\/wp-json\/wp\/v2\/comments?post=257"}],"version-history":[{"count":15,"href":"https:\/\/cousinie.com\/es\/wp-json\/wp\/v2\/pages\/257\/revisions"}],"predecessor-version":[{"id":815,"href":"https:\/\/cousinie.com\/es\/wp-json\/wp\/v2\/pages\/257\/revisions\/815"}],"wp:attachment":[{"href":"https:\/\/cousinie.com\/es\/wp-json\/wp\/v2\/media?parent=257"}],"curies":[{"name":"wp","href":"https:\/\/api.w.org\/{rel}","templated":true}]}}